{"id":274,"date":"2019-10-26T16:30:04","date_gmt":"2019-10-26T19:30:04","guid":{"rendered":"https:\/\/rodrigosantosescritor.com.br\/?page_id=274"},"modified":"2021-07-10T17:16:29","modified_gmt":"2021-07-10T20:16:29","slug":"palestras","status":"publish","type":"page","link":"https:\/\/rodrigosantosescritor.com.br\/site\/palestras\/","title":{"rendered":"Palestras"},"content":{"rendered":"\n<div class=\"wp-block-image\"><figure class=\"aligncenter\"><img loading=\"lazy\" decoding=\"async\" width=\"960\" height=\"540\" src=\"https:\/\/rodrigosantosescritor.com.br\/site\/wp-content\/uploads\/2019\/10\/Capa-Rodrigo-Santos.png\" alt=\"\" class=\"wp-image-283\" srcset=\"https:\/\/rodrigosantosescritor.com.br\/site\/wp-content\/uploads\/2019\/10\/Capa-Rodrigo-Santos.png 960w, https:\/\/rodrigosantosescritor.com.br\/site\/wp-content\/uploads\/2019\/10\/Capa-Rodrigo-Santos-300x169.png 300w, https:\/\/rodrigosantosescritor.com.br\/site\/wp-content\/uploads\/2019\/10\/Capa-Rodrigo-Santos-768x432.png 768w\" sizes=\"auto, (max-width: 960px) 100vw, 960px\" \/><\/figure><\/div>\n\n\n\n<p>Voc\u00ea pode me levar para sua escola, grupo ou empresa para bater um papo sobre processo criativo, a jornada do her\u00f3i e a vida das pessoas, cultura nacional ou uma rodada de perguntas e respostas sobre meu livro.<\/p>\n\n\n\n<p>Todas as palestras tem muito sobre curiosidades e fatos da nossa cultura nacional e muita motiva\u00e7\u00e3o para suar a camisa e correr atr\u00e1s dos sonhos. Porque n\u00f3s podemos mudar o mundo.<\/p>\n\n\n\n<blockquote class=\"wp-block-quote has-text-align-right is-layout-flow wp-block-quote-is-layout-flow\"><p>Em todas os locais que eu passo, vejo o quanto a presen\u00e7a de um autor pode ser uma experi\u00eancia \u00fanica de enriquecimento cultural e amplia\u00e7\u00e3o de debates. Eu, realmente, acredito no poder do di\u00e1logo e da Educa\u00e7\u00e3o.<\/p><cite>Rodrigo Santos<\/cite><\/blockquote>\n\n\n\n<p>Eu tenho percorrido v\u00e1rios locais falando sobre o processo criativo de escrita e como qualquer pessoa pode escrever, ou sobre como enxergar a nossa pr\u00f3pria jornada do her\u00f3i e nos conhecer pode ser um ponto de virada ou simplesmente fazendo uma roda de conversa sobre o meu livro. E, em cada um desses lugares, eu percebo o quanto o contato com um autor pode ser uma experi\u00eancia \u00fanica de enriquecimento cultural e amplia\u00e7\u00e3o de debates para as pessoas. E eu tamb\u00e9m aprendo muito. E, por tudo isso, realmente, eu acredito no poder do di\u00e1logo e da Educa\u00e7\u00e3o para mudar o mundo. <\/p>\n\n\n\n<p>Veja abaixo os temas sobre os quais podemos conversar e me chama!<\/p>\n\n\n\n<div style=\"height:55px\" aria-hidden=\"true\" class=\"wp-block-spacer\"><\/div>\n\n\n\n<div class=\"wp-block-image\"><figure class=\"alignleft\"><img loading=\"lazy\" decoding=\"async\" width=\"64\" height=\"64\" src=\"https:\/\/rodrigosantosescritor.com.br\/site\/wp-content\/uploads\/2019\/10\/escrever-e1572017510440.png\" alt=\"\" class=\"wp-image-288\"\/><\/figure><\/div>\n\n\n\n<h2 class=\"wp-block-heading\"><strong>Qualquer um pode escrever<\/strong><\/h2>\n\n\n\n<p><em><strong>P\u00fablico:<\/strong> Pessoas interessadas no processo de escrita<br><strong>Objetivo:<\/strong> Mostrar que \u00e9 poss\u00edvel escrever, Motivar o grupo a ler, Oferecer sugest\u00f5es de caminhos para melhorar a pr\u00f3pria escrita.<\/em><\/p>\n\n\n\n<p>Nessa palestra revelo uma das principais premissas em que baseio meu trabalho: qualquer pessoa pode escrever. <\/p>\n\n\n\n<p>A partir dessa afirma\u00e7\u00e3o e tamb\u00e9m da minha experi\u00eancia de publica\u00e7\u00e3o, falo sobre o processo de escrita, desde a prepara\u00e7\u00e3o at\u00e9 a publica\u00e7\u00e3o, passando pelas caracter\u00edsticas de um escritor, a escrita criativa e a arte de contar hist\u00f3rias. <\/p>\n\n\n\n<p>Todo escritor \u00e9 antes de tudo um leitor. Estudar, se preparar e se esfor\u00e7ar muito \u00e9 a chave para alcan\u00e7ar os pr\u00f3prios sonhos, claro que contando com aquela ajudinha da Provid\u00eancia. <\/p>\n\n\n\n<div class=\"wp-block-button\"><a class=\"wp-block-button__link\" href=\"https:\/\/rodrigosantosescritor.com.br\/fale-comigo\/\"><strong>Se interessou? Ent\u00e3o entre em contato comigo<\/strong> <strong>agora mesmo<\/strong><\/a><\/div>\n\n\n\n<hr class=\"wp-block-separator is-style-wide\"\/>\n\n\n\n<div class=\"wp-block-image\"><figure class=\"alignleft\"><img loading=\"lazy\" decoding=\"async\" width=\"64\" height=\"64\" src=\"https:\/\/rodrigosantosescritor.com.br\/site\/wp-content\/uploads\/2019\/10\/heroi-e1572017567801.png\" alt=\"\" class=\"wp-image-289\"\/><\/figure><\/div>\n\n\n\n<h2 class=\"wp-block-heading\"><strong>A jornada do her\u00f3i\/da hero\u00edna<\/strong><\/h2>\n\n\n\n<p><strong><em>P\u00fablico:<\/em><\/strong><em> Adolescentes e Adultos em fases de mudan\u00e7a<br><\/em><strong><em>Objetivo: <\/em><\/strong><em>Levar o ouvinte a se enxergar como protagonista de sua pr\u00f3pria hist\u00f3ria.<\/em><\/p>\n\n\n\n<p>Todos n\u00f3s, em v\u00e1rios momentos de nossas vidas passamos pelas nossas jornadas do her\u00f3i ou da hero\u00edna, quando precisamos sair de uma situa\u00e7\u00e3o em que j\u00e1 nos acostumamos, da nossa &#8220;zona de conforto&#8221; para uma outra, que ainda \u00e9 desconhecida. <\/p>\n\n\n\n<p>Ao entrar ou mudar de escola, quando ingressamos em um novo emprego, no casamento, ao ter filhos&#8230; Em todos esses momentos somos desafiados pela vida a descobrir a beleza do mundo desconhecido, reconhecer nossos aliados e desafios, vencer o drag\u00e3o e nos tornarmos vitoriosos. <\/p>\n\n\n\n<p>Nesta palestra, uso os quatro principais momentos do monomito, junto com a teoria dos temperamentos, como uma alegoria \u00e0 nossa vida, mostrando que, apesar das in\u00fameras vari\u00e1veis que n\u00e3o podemos controlar, devemos tomar o protagonismo de nossa vida para alcan\u00e7ar melhores resultados. <\/p>\n\n\n\n<div class=\"wp-block-button\"><a class=\"wp-block-button__link\" href=\"https:\/\/rodrigosantosescritor.com.br\/fale-comigo\/\"><strong>Se interessou? Ent\u00e3o entre em contato comigo<\/strong> <strong>agora mesmo<\/strong><\/a><\/div>\n\n\n\n<hr class=\"wp-block-separator is-style-wide\"\/>\n\n\n\n<div class=\"wp-block-image\"><figure class=\"alignleft\"><img loading=\"lazy\" decoding=\"async\" width=\"64\" height=\"64\" src=\"https:\/\/rodrigosantosescritor.com.br\/site\/wp-content\/uploads\/2019\/10\/brasil-e1572017554973.png\" alt=\"\" class=\"wp-image-290\"\/><\/figure><\/div>\n\n\n\n<h2 class=\"wp-block-heading\"><strong>Anicejara e a Cultura Brasileira<\/strong><\/h2>\n\n\n\n<p><strong><em>P\u00fablico:<\/em><\/strong><em> Crian\u00e7as, Adolescentes e Adultos<br><\/em><strong><em>Objetivo:<\/em><\/strong><em> Despertar o interesse pela cultura e folclore brasileiros<\/em><\/p>\n\n\n\n<p>Partindo de exemplos da cultura pop, debato com o grupo o quanto conhecemos da cultura e mitologia de outros pa\u00edses e o quanto conhecemos do nosso pr\u00f3prio pa\u00eds. <\/p>\n\n\n\n<p>Durante a palestra, conto como escrever Anicejara e a pedra do trov\u00e3o tinha uma rela\u00e7\u00e3o \u00edntima com o conhecer e valorizar a cultura brasileira e aproveito para fazer provoca\u00e7\u00f5es sobre como acreditamos que nosso pa\u00eds foi conquistado e como isso impacta nas nossas decis\u00f5es culturais. <\/p>\n\n\n\n<div class=\"wp-block-button\"><a class=\"wp-block-button__link\" href=\"https:\/\/rodrigosantosescritor.com.br\/fale-comigo\/\"><strong>Se interessou? Ent\u00e3o entre em contato comigo<\/strong> <strong>agora mesmo<\/strong><\/a><\/div>\n\n\n\n<hr class=\"wp-block-separator is-style-wide\"\/>\n\n\n\n<div class=\"wp-block-image\"><figure class=\"alignleft\"><img loading=\"lazy\" decoding=\"async\" width=\"64\" height=\"64\" src=\"https:\/\/rodrigosantosescritor.com.br\/site\/wp-content\/uploads\/2019\/10\/batepapo-e1572017537742.png\" alt=\"\" class=\"wp-image-291\"\/><\/figure><\/div>\n\n\n\n<h2 class=\"wp-block-heading\"><strong>Bate-papo com o autor<\/strong><\/h2>\n\n\n\n<p><strong><em>P\u00fablico:<\/em><\/strong><em> Grupos que j\u00e1 tenham lido Anicejara e a pedra do trov\u00e3o<br><\/em><strong><em>Objetivo:<\/em><\/strong><em> Uma rodada de perguntas e respostas para tirar d\u00favidas, falar de curiosidade e, acima de tudo, motivar o grupo a valorizar a literatura<\/em><\/p>\n\n\n\n<p>Numa conversa descontra\u00edda, respondo perguntas sobre o processo de escrita, concep\u00e7\u00e3o de personagens e muitas outras que o grupo resolver fazer. Como resultado disso, geralmente surgem momentos para falar sobre import\u00e2ncia da leitura, valoriza\u00e7\u00e3o da nossa cultura, como escrever melhor e tantos outros. <\/p>\n\n\n\n<p>Este tipo de conversa \u00e9 o que mais funciona na salas de aulas de alunos menores em que o professor leu o livro com a turma. <\/p>\n\n\n\n<div class=\"wp-block-button\"><a class=\"wp-block-button__link\" href=\"https:\/\/rodrigosantosescritor.com.br\/fale-comigo\/\"><strong>Se interessou? Ent\u00e3o entre em contato comigo<\/strong> <strong>agora mesmo<\/strong><\/a><\/div>\n","protected":false},"excerpt":{"rendered":"<p>Voc\u00ea pode me levar para sua escola, grupo ou empresa para bater um papo sobre processo criativo, a jornada do her\u00f3i e a vida das pessoas, cultura nacional ou uma rodada de perguntas e respostas sobre meu livro. Todas as palestras tem muito sobre curiosidades e fatos da nossa cultura nacional e muita motiva\u00e7\u00e3o para [&hellip;]<\/p>\n","protected":false},"author":1,"featured_media":0,"parent":0,"menu_order":0,"comment_status":"closed","ping_status":"closed","template":"","meta":{"footnotes":""},"class_list":["post-274","page","type-page","status-publish","hentry"],"yoast_head":"<!-- This site is optimized with the Yoast SEO plugin v27.4 - https:\/\/yoast.com\/product\/yoast-seo-wordpress\/ -->\n<title>Palestras - Rodrigo Santos Escritor<\/title>\n<meta name=\"robots\" content=\"index, follow, max-snippet:-1, max-image-preview:large, max-video-preview:-1\" \/>\n<link rel=\"canonical\" href=\"https:\/\/rodrigosantosescritor.com.br\/site\/palestras\/\" \/>\n<meta property=\"og:locale\" content=\"pt_BR\" \/>\n<meta property=\"og:type\" content=\"article\" \/>\n<meta property=\"og:title\" content=\"Palestras - Rodrigo Santos Escritor\" \/>\n<meta property=\"og:description\" content=\"Voc\u00ea pode me levar para sua escola, grupo ou empresa para bater um papo sobre processo criativo, a jornada do her\u00f3i e a vida das pessoas, cultura nacional ou uma rodada de perguntas e respostas sobre meu livro. Todas as palestras tem muito sobre curiosidades e fatos da nossa cultura nacional e muita motiva\u00e7\u00e3o para [&hellip;]\" \/>\n<meta property=\"og:url\" content=\"https:\/\/rodrigosantosescritor.com.br\/site\/palestras\/\" \/>\n<meta property=\"og:site_name\" content=\"Rodrigo Santos Escritor\" \/>\n<meta property=\"article:modified_time\" content=\"2021-07-10T20:16:29+00:00\" \/>\n<meta property=\"og:image\" content=\"https:\/\/rodrigosantosescritor.com.br\/site\/wp-content\/uploads\/2019\/10\/Capa-Rodrigo-Santos.png\" \/>\n<meta name=\"twitter:card\" content=\"summary_large_image\" \/>\n<meta name=\"twitter:label1\" content=\"Est. tempo de leitura\" \/>\n\t<meta name=\"twitter:data1\" content=\"5 minutos\" \/>\n<script type=\"application\/ld+json\" class=\"yoast-schema-graph\">{\"@context\":\"https:\\\/\\\/schema.org\",\"@graph\":[{\"@type\":\"WebPage\",\"@id\":\"https:\\\/\\\/rodrigosantosescritor.com.br\\\/site\\\/palestras\\\/\",\"url\":\"https:\\\/\\\/rodrigosantosescritor.com.br\\\/site\\\/palestras\\\/\",\"name\":\"Palestras - Rodrigo Santos Escritor\",\"isPartOf\":{\"@id\":\"https:\\\/\\\/rodrigosantosescritor.com.br\\\/site\\\/#website\"},\"primaryImageOfPage\":{\"@id\":\"https:\\\/\\\/rodrigosantosescritor.com.br\\\/site\\\/palestras\\\/#primaryimage\"},\"image\":{\"@id\":\"https:\\\/\\\/rodrigosantosescritor.com.br\\\/site\\\/palestras\\\/#primaryimage\"},\"thumbnailUrl\":\"https:\\\/\\\/rodrigosantosescritor.com.br\\\/site\\\/wp-content\\\/uploads\\\/2019\\\/10\\\/Capa-Rodrigo-Santos.png\",\"datePublished\":\"2019-10-26T19:30:04+00:00\",\"dateModified\":\"2021-07-10T20:16:29+00:00\",\"breadcrumb\":{\"@id\":\"https:\\\/\\\/rodrigosantosescritor.com.br\\\/site\\\/palestras\\\/#breadcrumb\"},\"inLanguage\":\"pt-BR\",\"potentialAction\":[{\"@type\":\"ReadAction\",\"target\":[\"https:\\\/\\\/rodrigosantosescritor.com.br\\\/site\\\/palestras\\\/\"]}]},{\"@type\":\"ImageObject\",\"inLanguage\":\"pt-BR\",\"@id\":\"https:\\\/\\\/rodrigosantosescritor.com.br\\\/site\\\/palestras\\\/#primaryimage\",\"url\":\"https:\\\/\\\/rodrigosantosescritor.com.br\\\/site\\\/wp-content\\\/uploads\\\/2019\\\/10\\\/Capa-Rodrigo-Santos.png\",\"contentUrl\":\"https:\\\/\\\/rodrigosantosescritor.com.br\\\/site\\\/wp-content\\\/uploads\\\/2019\\\/10\\\/Capa-Rodrigo-Santos.png\",\"width\":960,\"height\":540},{\"@type\":\"BreadcrumbList\",\"@id\":\"https:\\\/\\\/rodrigosantosescritor.com.br\\\/site\\\/palestras\\\/#breadcrumb\",\"itemListElement\":[{\"@type\":\"ListItem\",\"position\":1,\"name\":\"In\u00edcio\",\"item\":\"https:\\\/\\\/rodrigosantosescritor.com.br\\\/site\\\/\"},{\"@type\":\"ListItem\",\"position\":2,\"name\":\"Palestras\"}]},{\"@type\":\"WebSite\",\"@id\":\"https:\\\/\\\/rodrigosantosescritor.com.br\\\/site\\\/#website\",\"url\":\"https:\\\/\\\/rodrigosantosescritor.com.br\\\/site\\\/\",\"name\":\"Rodrigo Santos Escritor\",\"description\":\"Por hist\u00f3rias que mudam o mundo\",\"potentialAction\":[{\"@type\":\"SearchAction\",\"target\":{\"@type\":\"EntryPoint\",\"urlTemplate\":\"https:\\\/\\\/rodrigosantosescritor.com.br\\\/site\\\/?s={search_term_string}\"},\"query-input\":{\"@type\":\"PropertyValueSpecification\",\"valueRequired\":true,\"valueName\":\"search_term_string\"}}],\"inLanguage\":\"pt-BR\"}]}<\/script>\n<!-- \/ Yoast SEO plugin. -->","yoast_head_json":{"title":"Palestras - Rodrigo Santos Escritor","robots":{"index":"index","follow":"follow","max-snippet":"max-snippet:-1","max-image-preview":"max-image-preview:large","max-video-preview":"max-video-preview:-1"},"canonical":"https:\/\/rodrigosantosescritor.com.br\/site\/palestras\/","og_locale":"pt_BR","og_type":"article","og_title":"Palestras - Rodrigo Santos Escritor","og_description":"Voc\u00ea pode me levar para sua escola, grupo ou empresa para bater um papo sobre processo criativo, a jornada do her\u00f3i e a vida das pessoas, cultura nacional ou uma rodada de perguntas e respostas sobre meu livro. Todas as palestras tem muito sobre curiosidades e fatos da nossa cultura nacional e muita motiva\u00e7\u00e3o para [&hellip;]","og_url":"https:\/\/rodrigosantosescritor.com.br\/site\/palestras\/","og_site_name":"Rodrigo Santos Escritor","article_modified_time":"2021-07-10T20:16:29+00:00","og_image":[{"url":"https:\/\/rodrigosantosescritor.com.br\/site\/wp-content\/uploads\/2019\/10\/Capa-Rodrigo-Santos.png","type":"","width":"","height":""}],"twitter_card":"summary_large_image","twitter_misc":{"Est. tempo de leitura":"5 minutos"},"schema":{"@context":"https:\/\/schema.org","@graph":[{"@type":"WebPage","@id":"https:\/\/rodrigosantosescritor.com.br\/site\/palestras\/","url":"https:\/\/rodrigosantosescritor.com.br\/site\/palestras\/","name":"Palestras - Rodrigo Santos Escritor","isPartOf":{"@id":"https:\/\/rodrigosantosescritor.com.br\/site\/#website"},"primaryImageOfPage":{"@id":"https:\/\/rodrigosantosescritor.com.br\/site\/palestras\/#primaryimage"},"image":{"@id":"https:\/\/rodrigosantosescritor.com.br\/site\/palestras\/#primaryimage"},"thumbnailUrl":"https:\/\/rodrigosantosescritor.com.br\/site\/wp-content\/uploads\/2019\/10\/Capa-Rodrigo-Santos.png","datePublished":"2019-10-26T19:30:04+00:00","dateModified":"2021-07-10T20:16:29+00:00","breadcrumb":{"@id":"https:\/\/rodrigosantosescritor.com.br\/site\/palestras\/#breadcrumb"},"inLanguage":"pt-BR","potentialAction":[{"@type":"ReadAction","target":["https:\/\/rodrigosantosescritor.com.br\/site\/palestras\/"]}]},{"@type":"ImageObject","inLanguage":"pt-BR","@id":"https:\/\/rodrigosantosescritor.com.br\/site\/palestras\/#primaryimage","url":"https:\/\/rodrigosantosescritor.com.br\/site\/wp-content\/uploads\/2019\/10\/Capa-Rodrigo-Santos.png","contentUrl":"https:\/\/rodrigosantosescritor.com.br\/site\/wp-content\/uploads\/2019\/10\/Capa-Rodrigo-Santos.png","width":960,"height":540},{"@type":"BreadcrumbList","@id":"https:\/\/rodrigosantosescritor.com.br\/site\/palestras\/#breadcrumb","itemListElement":[{"@type":"ListItem","position":1,"name":"In\u00edcio","item":"https:\/\/rodrigosantosescritor.com.br\/site\/"},{"@type":"ListItem","position":2,"name":"Palestras"}]},{"@type":"WebSite","@id":"https:\/\/rodrigosantosescritor.com.br\/site\/#website","url":"https:\/\/rodrigosantosescritor.com.br\/site\/","name":"Rodrigo Santos Escritor","description":"Por hist\u00f3rias que mudam o mundo","potentialAction":[{"@type":"SearchAction","target":{"@type":"EntryPoint","urlTemplate":"https:\/\/rodrigosantosescritor.com.br\/site\/?s={search_term_string}"},"query-input":{"@type":"PropertyValueSpecification","valueRequired":true,"valueName":"search_term_string"}}],"inLanguage":"pt-BR"}]}},"_links":{"self":[{"href":"https:\/\/rodrigosantosescritor.com.br\/site\/wp-json\/wp\/v2\/pages\/274","targetHints":{"allow":["GET"]}}],"collection":[{"href":"https:\/\/rodrigosantosescritor.com.br\/site\/wp-json\/wp\/v2\/pages"}],"about":[{"href":"https:\/\/rodrigosantosescritor.com.br\/site\/wp-json\/wp\/v2\/types\/page"}],"author":[{"embeddable":true,"href":"https:\/\/rodrigosantosescritor.com.br\/site\/wp-json\/wp\/v2\/users\/1"}],"replies":[{"embeddable":true,"href":"https:\/\/rodrigosantosescritor.com.br\/site\/wp-json\/wp\/v2\/comments?post=274"}],"version-history":[{"count":6,"href":"https:\/\/rodrigosantosescritor.com.br\/site\/wp-json\/wp\/v2\/pages\/274\/revisions"}],"predecessor-version":[{"id":1057,"href":"https:\/\/rodrigosantosescritor.com.br\/site\/wp-json\/wp\/v2\/pages\/274\/revisions\/1057"}],"wp:attachment":[{"href":"https:\/\/rodrigosantosescritor.com.br\/site\/wp-json\/wp\/v2\/media?parent=274"}],"curies":[{"name":"wp","href":"https:\/\/api.w.org\/{rel}","templated":true}]}}