{"id":336,"date":"2019-11-24T19:44:12","date_gmt":"2019-11-24T22:44:12","guid":{"rendered":"https:\/\/rodrigosantosescritor.com.br\/?page_id=336"},"modified":"2022-01-08T20:22:40","modified_gmt":"2022-01-08T23:22:40","slug":"os-4-temperamentos","status":"publish","type":"page","link":"https:\/\/rodrigosantosescritor.com.br\/site\/os-4-temperamentos\/","title":{"rendered":"E-book: Os 4 Temperamentos"},"content":{"rendered":"\n<p class=\"has-text-align-center has-cyan-bluish-gray-color has-text-color\">Baixe o e-book Os 4 Temperamentos e descubra suas potencialidades e dificuldades e como isso pode ser uma vantagem para seus relacionamentos pessoais e profissionais.<\/p>\n\n\n\n<div class=\"wp-block-image\"><figure class=\"alignleft is-resized\"><img loading=\"lazy\" decoding=\"async\" src=\"https:\/\/rodrigosantosescritor.com.br\/site\/wp-content\/uploads\/2019\/11\/Mockup-Os-4-Temperamentos.jpg\" alt=\"\" class=\"wp-image-337\" width=\"197\" height=\"197\" srcset=\"https:\/\/rodrigosantosescritor.com.br\/site\/wp-content\/uploads\/2019\/11\/Mockup-Os-4-Temperamentos.jpg 900w, https:\/\/rodrigosantosescritor.com.br\/site\/wp-content\/uploads\/2019\/11\/Mockup-Os-4-Temperamentos-300x300.jpg 300w, https:\/\/rodrigosantosescritor.com.br\/site\/wp-content\/uploads\/2019\/11\/Mockup-Os-4-Temperamentos-150x150.jpg 150w, https:\/\/rodrigosantosescritor.com.br\/site\/wp-content\/uploads\/2019\/11\/Mockup-Os-4-Temperamentos-768x768.jpg 768w\" sizes=\"auto, (max-width: 197px) 100vw, 197px\" \/><\/figure><\/div>\n\n\n\n<p>Temperamento \u00e9 a parte gen\u00e9tica da nossa personalidade. E por ser gen\u00e9tico, n\u00e3o d\u00e1 para mudar ele.<br>Mas voc\u00ea pode conhecer melhor os <strong>pontos fortes e desafios do seu temperamento<\/strong>, e com isso, ser a <strong>sua melhor vers\u00e3o<\/strong>.<\/p>\n\n\n\n<p>Esta \u00e9 a proposta no e-book <strong>Os 4 Temperamentos<\/strong>, oferecer ferramentas que te auxiliem a identificar seu pr\u00f3prio temperamento e compreender quais s\u00e3o os pontos fortes e quais s\u00e3o os desafios que eles proporcionam para seu car\u00e1ter.<\/p>\n\n\n\n<p>Al\u00e9m disso, ao ler esse livro, voc\u00ea vai perceber que &#8220;pessoas diferentes enxergam o mundo de modos diferentes&#8221;, o que poder\u00e1 ser uma <strong>grande vantagem para voc\u00ea em seus relacionamentos pessoais e profissionais<\/strong>.<\/p>\n\n\n\n<p>Compreender que a opini\u00e3o do outro tem validade, mesmo sendo diferente da minha, \u00e9 um dos primeiros passos para uma comunica\u00e7\u00e3o sincera e frut\u00edfera.<\/p>\n\n\n\n<hr class=\"wp-block-separator is-style-dots\"\/>\n\n\n\n<div align=\"center\" style=\"background-color: #FF7F50; padding: 10px;\">\n<h3>Compre o e-book &#8220;Os 4 Temperamentos&#8221; agora mesmo<\/h3>\n<a class=\"but but-normal\" style=\"background: #fff !important; color: #333 !important;\" href=\"https:\/\/amzn.to\/32ZHKBq\">Clique para fazer a compra na Amazon<\/a>\n<\/div>\n\n\n\n<hr class=\"wp-block-separator is-style-dots\"\/>\n\n\n\n<h3 class=\"wp-block-heading\">O que voc\u00ea encontrar\u00e1 neste e-book?<\/h3>\n\n\n\n<p>Estou convencido de que, quanto melhor compreendermos as energias que nos movem, melhor poderemos <strong>lidar com nossos impulsos<\/strong>, <strong>tomar decis\u00f5es<\/strong> com mais clareza, <strong>agir e reagir<\/strong> de maneira mais positiva.  <\/p>\n\n\n\n<p>De modo semelhante, quanto mais reconhecemos que as outras pessoas t\u00eam seus pr\u00f3prios temperamentos e convic\u00e7\u00f5es, melhor conseguimos nos <strong>relacionar<\/strong>, reconhecendo a <strong>verdade do outro<\/strong> mesmo naquilo que discordamos.<\/p>\n\n\n\n<p>Assim escrevi este e-book, com o objetivo de apresentar rapidamente os diferentes temperamentos como <strong>ferramenta para melhorar nossas rela\u00e7\u00f5es humanas<\/strong> nesses tempos de polariza\u00e7\u00e3o.<\/p>\n\n\n\n<p>Mas claro que <strong>\u201co mapa n\u00e3o \u00e9 o territ\u00f3rio\u201d<\/strong>. Assim, a ferramenta dos <strong>4 temperamentos<\/strong> apresenta caracter\u00edsticas do indiv\u00edduo, mas nunca poderia cobrir toda a riqueza que forma uma pessoa humana.<\/p>\n\n\n\n<p>Os textos apresentados no e-book s\u00e3o <strong>uma compila\u00e7\u00e3o de v\u00e1rios materiais<\/strong> sobre o assunto, organizados de uma forma a facilitar que voc\u00ea compreenda <strong>o que \u00e9 temperamento e de que forma ele afeta sua vida<\/strong>.  <\/p>\n\n\n\n<p>Por isso, o primeiro passo \u00e9 apresentar a <strong>Teoria dos Temperamentos<\/strong>, em seguida, dar uma defini\u00e7\u00e3o sobre <strong>o que \u00e9 Temperamento<\/strong>.  <\/p>\n\n\n\n<p>A partir da\u00ed, descrevo os <strong>4 tipos de temperamentos b\u00e1sicos<\/strong> e depois suas maneiras de se <strong>comunicar e de agir<\/strong>.  <\/p>\n\n\n\n<p>Para finalizar, h\u00e1 tr\u00eas anexos: o primeiro \u00e9 uma tabela reunindo diversas <strong>caracter\u00edsticas dos 4 temperamentos<\/strong>, o segundo, uma <strong>descri\u00e7\u00e3o das combina\u00e7\u00f5es de temperamentos dominantes<\/strong> e o terceiro anexo \u00e9 um <strong>teste para te ajudar a descobrir o seu pr\u00f3prio temperamento<\/strong>. <\/p>\n\n\n\n<p>Espero que, ao final dessa breve leitura, voc\u00ea sinta que compreende melhor voc\u00ea e tamb\u00e9m as pessoas com quem voc\u00ea se relaciona de alguma forma.<\/p>\n","protected":false},"excerpt":{"rendered":"<p>Baixe o e-book Os 4 Temperamentos e descubra suas potencialidades e dificuldades e como isso pode ser uma vantagem para seus relacionamentos pessoais e profissionais. Temperamento \u00e9 a parte gen\u00e9tica da nossa personalidade. E por ser gen\u00e9tico, n\u00e3o d\u00e1 para mudar ele.Mas voc\u00ea pode conhecer melhor os pontos fortes e desafios do seu temperamento, e [&hellip;]<\/p>\n","protected":false},"author":1,"featured_media":0,"parent":0,"menu_order":0,"comment_status":"closed","ping_status":"closed","template":"","meta":{"footnotes":""},"class_list":["post-336","page","type-page","status-publish","hentry"],"yoast_head":"<!-- This site is optimized with the Yoast SEO plugin v27.4 - https:\/\/yoast.com\/product\/yoast-seo-wordpress\/ -->\n<title>E-book: Os 4 Temperamentos - Rodrigo Santos Escritor<\/title>\n<meta name=\"robots\" content=\"index, follow, max-snippet:-1, max-image-preview:large, max-video-preview:-1\" \/>\n<link rel=\"canonical\" href=\"https:\/\/rodrigosantosescritor.com.br\/site\/os-4-temperamentos\/\" \/>\n<meta property=\"og:locale\" content=\"pt_BR\" \/>\n<meta property=\"og:type\" content=\"article\" \/>\n<meta property=\"og:title\" content=\"E-book: Os 4 Temperamentos - Rodrigo Santos Escritor\" \/>\n<meta property=\"og:description\" content=\"Baixe o e-book Os 4 Temperamentos e descubra suas potencialidades e dificuldades e como isso pode ser uma vantagem para seus relacionamentos pessoais e profissionais. Temperamento \u00e9 a parte gen\u00e9tica da nossa personalidade. E por ser gen\u00e9tico, n\u00e3o d\u00e1 para mudar ele.Mas voc\u00ea pode conhecer melhor os pontos fortes e desafios do seu temperamento, e [&hellip;]\" \/>\n<meta property=\"og:url\" content=\"https:\/\/rodrigosantosescritor.com.br\/site\/os-4-temperamentos\/\" \/>\n<meta property=\"og:site_name\" content=\"Rodrigo Santos Escritor\" \/>\n<meta property=\"article:modified_time\" content=\"2022-01-08T23:22:40+00:00\" \/>\n<meta property=\"og:image\" content=\"https:\/\/rodrigosantosescritor.com.br\/site\/wp-content\/uploads\/2019\/11\/Mockup-Os-4-Temperamentos.jpg\" \/>\n<meta name=\"twitter:card\" content=\"summary_large_image\" \/>\n<meta name=\"twitter:label1\" content=\"Est. tempo de leitura\" \/>\n\t<meta name=\"twitter:data1\" content=\"3 minutos\" \/>\n<script type=\"application\/ld+json\" class=\"yoast-schema-graph\">{\"@context\":\"https:\\\/\\\/schema.org\",\"@graph\":[{\"@type\":\"WebPage\",\"@id\":\"https:\\\/\\\/rodrigosantosescritor.com.br\\\/site\\\/os-4-temperamentos\\\/\",\"url\":\"https:\\\/\\\/rodrigosantosescritor.com.br\\\/site\\\/os-4-temperamentos\\\/\",\"name\":\"E-book: Os 4 Temperamentos - Rodrigo Santos Escritor\",\"isPartOf\":{\"@id\":\"https:\\\/\\\/rodrigosantosescritor.com.br\\\/site\\\/#website\"},\"primaryImageOfPage\":{\"@id\":\"https:\\\/\\\/rodrigosantosescritor.com.br\\\/site\\\/os-4-temperamentos\\\/#primaryimage\"},\"image\":{\"@id\":\"https:\\\/\\\/rodrigosantosescritor.com.br\\\/site\\\/os-4-temperamentos\\\/#primaryimage\"},\"thumbnailUrl\":\"https:\\\/\\\/rodrigosantosescritor.com.br\\\/site\\\/wp-content\\\/uploads\\\/2019\\\/11\\\/Mockup-Os-4-Temperamentos.jpg\",\"datePublished\":\"2019-11-24T22:44:12+00:00\",\"dateModified\":\"2022-01-08T23:22:40+00:00\",\"breadcrumb\":{\"@id\":\"https:\\\/\\\/rodrigosantosescritor.com.br\\\/site\\\/os-4-temperamentos\\\/#breadcrumb\"},\"inLanguage\":\"pt-BR\",\"potentialAction\":[{\"@type\":\"ReadAction\",\"target\":[\"https:\\\/\\\/rodrigosantosescritor.com.br\\\/site\\\/os-4-temperamentos\\\/\"]}]},{\"@type\":\"ImageObject\",\"inLanguage\":\"pt-BR\",\"@id\":\"https:\\\/\\\/rodrigosantosescritor.com.br\\\/site\\\/os-4-temperamentos\\\/#primaryimage\",\"url\":\"https:\\\/\\\/rodrigosantosescritor.com.br\\\/site\\\/wp-content\\\/uploads\\\/2019\\\/11\\\/Mockup-Os-4-Temperamentos.jpg\",\"contentUrl\":\"https:\\\/\\\/rodrigosantosescritor.com.br\\\/site\\\/wp-content\\\/uploads\\\/2019\\\/11\\\/Mockup-Os-4-Temperamentos.jpg\",\"width\":900,\"height\":900,\"caption\":\"mockups-design.com\"},{\"@type\":\"BreadcrumbList\",\"@id\":\"https:\\\/\\\/rodrigosantosescritor.com.br\\\/site\\\/os-4-temperamentos\\\/#breadcrumb\",\"itemListElement\":[{\"@type\":\"ListItem\",\"position\":1,\"name\":\"In\u00edcio\",\"item\":\"https:\\\/\\\/rodrigosantosescritor.com.br\\\/site\\\/\"},{\"@type\":\"ListItem\",\"position\":2,\"name\":\"E-book: Os 4 Temperamentos\"}]},{\"@type\":\"WebSite\",\"@id\":\"https:\\\/\\\/rodrigosantosescritor.com.br\\\/site\\\/#website\",\"url\":\"https:\\\/\\\/rodrigosantosescritor.com.br\\\/site\\\/\",\"name\":\"Rodrigo Santos Escritor\",\"description\":\"Por hist\u00f3rias que mudam o mundo\",\"potentialAction\":[{\"@type\":\"SearchAction\",\"target\":{\"@type\":\"EntryPoint\",\"urlTemplate\":\"https:\\\/\\\/rodrigosantosescritor.com.br\\\/site\\\/?s={search_term_string}\"},\"query-input\":{\"@type\":\"PropertyValueSpecification\",\"valueRequired\":true,\"valueName\":\"search_term_string\"}}],\"inLanguage\":\"pt-BR\"}]}<\/script>\n<!-- \/ Yoast SEO plugin. -->","yoast_head_json":{"title":"E-book: Os 4 Temperamentos - Rodrigo Santos Escritor","robots":{"index":"index","follow":"follow","max-snippet":"max-snippet:-1","max-image-preview":"max-image-preview:large","max-video-preview":"max-video-preview:-1"},"canonical":"https:\/\/rodrigosantosescritor.com.br\/site\/os-4-temperamentos\/","og_locale":"pt_BR","og_type":"article","og_title":"E-book: Os 4 Temperamentos - Rodrigo Santos Escritor","og_description":"Baixe o e-book Os 4 Temperamentos e descubra suas potencialidades e dificuldades e como isso pode ser uma vantagem para seus relacionamentos pessoais e profissionais. Temperamento \u00e9 a parte gen\u00e9tica da nossa personalidade. E por ser gen\u00e9tico, n\u00e3o d\u00e1 para mudar ele.Mas voc\u00ea pode conhecer melhor os pontos fortes e desafios do seu temperamento, e [&hellip;]","og_url":"https:\/\/rodrigosantosescritor.com.br\/site\/os-4-temperamentos\/","og_site_name":"Rodrigo Santos Escritor","article_modified_time":"2022-01-08T23:22:40+00:00","og_image":[{"url":"https:\/\/rodrigosantosescritor.com.br\/site\/wp-content\/uploads\/2019\/11\/Mockup-Os-4-Temperamentos.jpg","type":"","width":"","height":""}],"twitter_card":"summary_large_image","twitter_misc":{"Est. tempo de leitura":"3 minutos"},"schema":{"@context":"https:\/\/schema.org","@graph":[{"@type":"WebPage","@id":"https:\/\/rodrigosantosescritor.com.br\/site\/os-4-temperamentos\/","url":"https:\/\/rodrigosantosescritor.com.br\/site\/os-4-temperamentos\/","name":"E-book: Os 4 Temperamentos - Rodrigo Santos Escritor","isPartOf":{"@id":"https:\/\/rodrigosantosescritor.com.br\/site\/#website"},"primaryImageOfPage":{"@id":"https:\/\/rodrigosantosescritor.com.br\/site\/os-4-temperamentos\/#primaryimage"},"image":{"@id":"https:\/\/rodrigosantosescritor.com.br\/site\/os-4-temperamentos\/#primaryimage"},"thumbnailUrl":"https:\/\/rodrigosantosescritor.com.br\/site\/wp-content\/uploads\/2019\/11\/Mockup-Os-4-Temperamentos.jpg","datePublished":"2019-11-24T22:44:12+00:00","dateModified":"2022-01-08T23:22:40+00:00","breadcrumb":{"@id":"https:\/\/rodrigosantosescritor.com.br\/site\/os-4-temperamentos\/#breadcrumb"},"inLanguage":"pt-BR","potentialAction":[{"@type":"ReadAction","target":["https:\/\/rodrigosantosescritor.com.br\/site\/os-4-temperamentos\/"]}]},{"@type":"ImageObject","inLanguage":"pt-BR","@id":"https:\/\/rodrigosantosescritor.com.br\/site\/os-4-temperamentos\/#primaryimage","url":"https:\/\/rodrigosantosescritor.com.br\/site\/wp-content\/uploads\/2019\/11\/Mockup-Os-4-Temperamentos.jpg","contentUrl":"https:\/\/rodrigosantosescritor.com.br\/site\/wp-content\/uploads\/2019\/11\/Mockup-Os-4-Temperamentos.jpg","width":900,"height":900,"caption":"mockups-design.com"},{"@type":"BreadcrumbList","@id":"https:\/\/rodrigosantosescritor.com.br\/site\/os-4-temperamentos\/#breadcrumb","itemListElement":[{"@type":"ListItem","position":1,"name":"In\u00edcio","item":"https:\/\/rodrigosantosescritor.com.br\/site\/"},{"@type":"ListItem","position":2,"name":"E-book: Os 4 Temperamentos"}]},{"@type":"WebSite","@id":"https:\/\/rodrigosantosescritor.com.br\/site\/#website","url":"https:\/\/rodrigosantosescritor.com.br\/site\/","name":"Rodrigo Santos Escritor","description":"Por hist\u00f3rias que mudam o mundo","potentialAction":[{"@type":"SearchAction","target":{"@type":"EntryPoint","urlTemplate":"https:\/\/rodrigosantosescritor.com.br\/site\/?s={search_term_string}"},"query-input":{"@type":"PropertyValueSpecification","valueRequired":true,"valueName":"search_term_string"}}],"inLanguage":"pt-BR"}]}},"_links":{"self":[{"href":"https:\/\/rodrigosantosescritor.com.br\/site\/wp-json\/wp\/v2\/pages\/336","targetHints":{"allow":["GET"]}}],"collection":[{"href":"https:\/\/rodrigosantosescritor.com.br\/site\/wp-json\/wp\/v2\/pages"}],"about":[{"href":"https:\/\/rodrigosantosescritor.com.br\/site\/wp-json\/wp\/v2\/types\/page"}],"author":[{"embeddable":true,"href":"https:\/\/rodrigosantosescritor.com.br\/site\/wp-json\/wp\/v2\/users\/1"}],"replies":[{"embeddable":true,"href":"https:\/\/rodrigosantosescritor.com.br\/site\/wp-json\/wp\/v2\/comments?post=336"}],"version-history":[{"count":7,"href":"https:\/\/rodrigosantosescritor.com.br\/site\/wp-json\/wp\/v2\/pages\/336\/revisions"}],"predecessor-version":[{"id":1308,"href":"https:\/\/rodrigosantosescritor.com.br\/site\/wp-json\/wp\/v2\/pages\/336\/revisions\/1308"}],"wp:attachment":[{"href":"https:\/\/rodrigosantosescritor.com.br\/site\/wp-json\/wp\/v2\/media?parent=336"}],"curies":[{"name":"wp","href":"https:\/\/api.w.org\/{rel}","templated":true}]}}